{"id":51,"date":"2024-11-06T20:29:59","date_gmt":"2024-11-06T20:29:59","guid":{"rendered":"https:\/\/flashandcanvas.com\/?page_id=51"},"modified":"2025-07-14T18:42:30","modified_gmt":"2025-07-14T18:42:30","slug":"faqs","status":"publish","type":"page","link":"https:\/\/flashandcanvas.com\/en\/faqs\/","title":{"rendered":"FAQs"},"content":{"rendered":"<h1 class=\"wp-block-heading has-text-align-center\" style=\"margin-bottom:0vh;padding-bottom:5vh\">Frequently asked questions<\/h1>\n\n\n\n<div class=\"wp-block-gutena-tabs gutena-tabs-block gutena-tabs-block-c612e4-e6\"><ul class=\"gutena-tabs-tab tab-flex\"><li class=\"gutena-tab-title active\" data-tab=\"1\"><div class=\"gutena-tab-title-content icon-top\"><div class=\"gutena-tab-title-icon\"><svg viewbox=\"0 0 24 24\" xmlns=\"http:\/\/www.w3.org\/2000\/svg\" width=\"40\" height=\"40\" aria-hidden=\"true\"><path d=\"M12 9.2c-2.2 0-3.9 1.8-3.9 4s1.8 4 3.9 4 4-1.8 4-4-1.8-4-4-4zm0 6.5c-1.4 0-2.4-1.1-2.4-2.5s1.1-2.5 2.4-2.5 2.5 1.1 2.5 2.5-1.1 2.5-2.5 2.5zM20.2 8c-.1 0-.3 0-.5-.1l-2.5-.8c-.4-.1-.8-.4-1.1-.8l-1-1.5c-.4-.5-1-.9-1.7-.9h-2.9c-.6.1-1.2.4-1.6 1l-1 1.5c-.3.3-.6.6-1.1.7l-2.5.8c-.2.1-.4.1-.6.1-1 .2-1.7.9-1.7 1.9v8.3c0 1 .9 1.9 2 1.9h16c1.1 0 2-.8 2-1.9V9.9c0-1-.7-1.7-1.8-1.9zm.3 10.1c0 .2-.2.4-.5.4H4c-.3 0-.5-.2-.5-.4V9.9c0-.1.2-.3.5-.4.2 0 .5-.1.8-.2l2.5-.8c.7-.2 1.4-.6 1.8-1.3l1-1.5c.1-.1.2-.2.4-.2h2.9c.2 0 .3.1.4.2l1 1.5c.4.7 1.1 1.1 1.9 1.4l2.5.8c.3.1.6.1.8.2.3 0 .4.2.4.4v8.1z\"><\/path><\/svg><\/div><div class=\"gutena-tab-title-text\"><div>Photography<\/div><\/div><\/div><\/li><li class=\"gutena-tab-title inactive\" data-tab=\"2\"><div class=\"gutena-tab-title-content icon-top\"><div class=\"gutena-tab-title-icon\"><svg xmlns=\"http:\/\/www.w3.org\/2000\/svg\" viewbox=\"0 0 24 24\" width=\"40\" height=\"40\" aria-hidden=\"true\"><path d=\"M4 20h8v-1.5H4V20zM18.9 3.5c-.6-.6-1.5-.6-2.1 0l-7.2 7.2c-.4-.1-.7 0-1.1.1-.5.2-1.5.7-1.9 2.2-.4 1.7-.8 2.2-1.1 2.7-.1.1-.2.3-.3.4l-.6 1.1H6c2 0 3.4-.4 4.7-1.4.8-.6 1.2-1.4 1.3-2.3 0-.3 0-.5-.1-.7L19 5.7c.5-.6.5-1.6-.1-2.2zM9.7 14.7c-.7.5-1.5.8-2.4 1 .2-.5.5-1.2.8-2.3.2-.6.4-1 .8-1.1.5-.1 1 .1 1.3.3.2.2.3.5.2.8 0 .3-.1.9-.7 1.3z\"><\/path><\/svg><\/div><div class=\"gutena-tab-title-text\"><div>Painting<\/div><\/div><\/div><\/li><li class=\"gutena-tab-title inactive\" data-tab=\"3\"><div class=\"gutena-tab-title-content icon-top\"><div class=\"gutena-tab-title-icon\"><svg xmlns=\"http:\/\/www.w3.org\/2000\/svg\" viewbox=\"0 0 24 24\" width=\"40\" height=\"40\" aria-hidden=\"true\"><path d=\"M3 6.75C3 5.784 3.784 5 4.75 5H15V7.313l.05.027 5.056 2.73.394.212v3.468a1.75 1.75 0 01-1.75 1.75h-.012a2.5 2.5 0 11-4.975 0H9.737a2.5 2.5 0 11-4.975 0H3V6.75zM13.5 14V6.5H4.75a.25.25 0 00-.25.25V14h.965a2.493 2.493 0 011.785-.75c.7 0 1.332.287 1.785.75H13.5zm4.535 0h.715a.25.25 0 00.25-.25v-2.573l-4-2.16v4.568a2.487 2.487 0 011.25-.335c.7 0 1.332.287 1.785.75zM6.282 15.5a1.002 1.002 0 00.968 1.25 1 1 0 10-.968-1.25zm9 0a1 1 0 101.937.498 1 1 0 00-1.938-.498z\"><\/path><\/svg><\/div><div class=\"gutena-tab-title-text\"><div>Shipping<\/div><\/div><\/div><\/li><li class=\"gutena-tab-title inactive\" data-tab=\"4\"><div class=\"gutena-tab-title-content icon-top\"><div class=\"gutena-tab-title-icon\"><svg xmlns=\"http:\/\/www.w3.org\/2000\/svg\" viewbox=\"0 0 24 24\" width=\"40\" height=\"40\" aria-hidden=\"true\"><path fill-rule=\"evenodd\" d=\"M5.5 9.5v-2h13v2h-13zm0 3v4h13v-4h-13zM4 7a1 1 0 011-1h14a1 1 0 011 1v10a1 1 0 01-1 1H5a1 1 0 01-1-1V7z\" clip-rule=\"evenodd\"><\/path><\/svg><\/div><div class=\"gutena-tab-title-text\"><div>Orders and Payment<\/div><\/div><\/div><\/li><\/ul><div class=\"gutena-tabs-content is-layout-flow wp-block-gutena-tabs-is-layout-flow\">\n<div class=\"wp-block-gutena-tab gutena-tab-block gutena-tab-block-369c9d-eb active\" data-tab=\"1\">\n<div><\/div>\n<\/div>\n\n\n\n<div class=\"wp-block-gutena-tab gutena-tab-block gutena-tab-block-69b67b-a6 inactive\" data-tab=\"2\">\n<div><\/div>\n<\/div>\n\n\n\n<div class=\"wp-block-gutena-tab gutena-tab-block gutena-tab-block-3d344d-fc inactive\" data-tab=\"3\">\n<div><\/div>\n<\/div>\n\n\n\n<div class=\"wp-block-gutena-tab gutena-tab-block gutena-tab-block-9a9dbe-7b inactive\" data-tab=\"4\">\n<div><\/div>\n<\/div>\n<\/div><\/div>\n\n\n\n<p><\/p>\n\n\n\n<p>For more information, check my <a href=\"https:\/\/flashandcanvas.com\/en\/guidelines\/\" data-type=\"page\" data-id=\"502\">Guidelines<\/a>.<\/p>","protected":false},"excerpt":{"rendered":"<p>Perguntas mais frequentes Para mais informa\u00e7\u00f5es, consulta as minhas Condi\u00e7\u00f5es.<\/p>","protected":false},"author":1,"featured_media":0,"parent":0,"menu_order":0,"comment_status":"closed","ping_status":"closed","template":"wp-custom-template-p-ginas-com-t-tulo","meta":{"_acf_changed":false,"footnotes":""},"class_list":["post-51","page","type-page","status-publish","hentry"],"acf":[],"_links":{"self":[{"href":"https:\/\/flashandcanvas.com\/en\/wp-json\/wp\/v2\/pages\/51","targetHints":{"allow":["GET"]}}],"collection":[{"href":"https:\/\/flashandcanvas.com\/en\/wp-json\/wp\/v2\/pages"}],"about":[{"href":"https:\/\/flashandcanvas.com\/en\/wp-json\/wp\/v2\/types\/page"}],"author":[{"embeddable":true,"href":"https:\/\/flashandcanvas.com\/en\/wp-json\/wp\/v2\/users\/1"}],"replies":[{"embeddable":true,"href":"https:\/\/flashandcanvas.com\/en\/wp-json\/wp\/v2\/comments?post=51"}],"version-history":[{"count":130,"href":"https:\/\/flashandcanvas.com\/en\/wp-json\/wp\/v2\/pages\/51\/revisions"}],"predecessor-version":[{"id":2502,"href":"https:\/\/flashandcanvas.com\/en\/wp-json\/wp\/v2\/pages\/51\/revisions\/2502"}],"wp:attachment":[{"href":"https:\/\/flashandcanvas.com\/en\/wp-json\/wp\/v2\/media?parent=51"}],"curies":[{"name":"wp","href":"https:\/\/api.w.org\/{rel}","templated":true}]}}