{"id":45,"date":"2024-11-06T20:26:23","date_gmt":"2024-11-06T20:26:23","guid":{"rendered":"https:\/\/flashandcanvas.com\/?page_id=45"},"modified":"2025-07-14T15:34:28","modified_gmt":"2025-07-14T15:34:28","slug":"sobre-mim","status":"publish","type":"page","link":"https:\/\/flashandcanvas.com\/en\/sobre-mim\/","title":{"rendered":"About"},"content":{"rendered":"<div class=\"wp-block-columns is-layout-flex wp-container-core-columns-is-layout-cdfb5431 wp-block-columns-is-layout-flex\" style=\"margin-top:0vh;margin-bottom:0;padding-top:0;padding-right:0vw;padding-bottom:0;padding-left:0vw\">\n<div class=\"wp-block-column has-xx-large-font-size is-layout-flow wp-container-core-column-is-layout-1396dd20 wp-block-column-is-layout-flow\" style=\"padding-top:0;padding-right:0;padding-bottom:0;padding-left:0;flex-basis:30vw\">\n<img loading=\"lazy\" decoding=\"async\" width=\"2560\" height=\"1707\" class=\"gb-media-f793c0ad\" alt=\"\" src=\"https:\/\/flashandcanvas.com\/wp-content\/uploads\/2025\/06\/DSC_9121-Editar-1-scaled.jpg\" title=\"DSC_9121-Editar\" srcset=\"https:\/\/flashandcanvas.com\/wp-content\/uploads\/2025\/06\/DSC_9121-Editar-1-scaled.jpg 2560w, https:\/\/flashandcanvas.com\/wp-content\/uploads\/2025\/06\/DSC_9121-Editar-1-300x200.jpg 300w, https:\/\/flashandcanvas.com\/wp-content\/uploads\/2025\/06\/DSC_9121-Editar-1-1024x683.jpg 1024w, https:\/\/flashandcanvas.com\/wp-content\/uploads\/2025\/06\/DSC_9121-Editar-1-768x512.jpg 768w, https:\/\/flashandcanvas.com\/wp-content\/uploads\/2025\/06\/DSC_9121-Editar-1-1536x1024.jpg 1536w, https:\/\/flashandcanvas.com\/wp-content\/uploads\/2025\/06\/DSC_9121-Editar-1-2048x1365.jpg 2048w\" sizes=\"auto, (max-width: 2560px) 100vw, 2560px\" \/>\n<\/div>\n\n\n\n<div class=\"wp-block-column is-layout-flow wp-block-column-is-layout-flow\" style=\"padding-top:0;padding-right:0;padding-bottom:0;padding-left:0;flex-basis:35vw\">\n<h2 class=\"gb-text gb-text-59eaa440\">Hello<\/h2>\n\n\n\n<p class=\"gb-text gb-text-68f14a74\">I'm In\u00eas Mota, the founder of Flash &amp; Canvas. Born in September 1997, I was always in love with the animal world and I would prefer  little animal toys over dolls. Also early in life, I discovered my passion for art. In 2016, I began my academic journey at the Faculdade de Belas Artes at the University of Porto, where I majored in Fine Arts with a focus on Painting. During this period, I refined my skills in color theory, composition, and expression, learned various techniques, and explored the captivating world of anthropomorphism in my final project. I graduated in 2020, amidst the global pandemic.<\/p>\n<\/div>\n<\/div>\n\n\n\n<div class=\"wp-block-columns is-layout-flex wp-container-core-columns-is-layout-74be7164 wp-block-columns-is-layout-flex\" style=\"padding-top:0;padding-right:0vw;padding-bottom:0;padding-left:0vw\">\n<div class=\"wp-block-column is-layout-flow wp-container-core-column-is-layout-1396dd20 wp-block-column-is-layout-flow\" style=\"padding-top:0;padding-right:0;padding-bottom:0;padding-left:0;flex-basis:30vw\">\n<p class=\"gb-text gb-text-72d0adb1\">My artistic path took a significant turn in 2018 when I purchased my first camera, opening up the world of photography to me. However, it wasn't until 2022, when Yuki\u2014a spirited Siberian Husky and my first dog\u2014joined my life that my passion for photography truly flourished. Inspired by Yuki, I realized I could merge my two greatest passions: painting and photography. This vision materialized into <strong>Flash &amp; Canvas<\/strong> in early 2023.<br><br>At <strong>Flash &amp; Canvas<\/strong> we are dedicated to celebrate the unique bond between humans and animals through custom photography and painting services. I am driven by the joy of transforming cherished moments into timeless, personalized artworks. Bringing together my love for art, photography, and animals has allowed me to build a career that feels like a dream come true.<\/p>\n<\/div>\n\n\n\n<div class=\"wp-block-column is-layout-flow wp-block-column-is-layout-flow\" style=\"flex-basis:35vw\">\n<img loading=\"lazy\" decoding=\"async\" width=\"2560\" height=\"1707\" class=\"gb-media-e2a8aad7\" alt=\"\" src=\"https:\/\/flashandcanvas.com\/wp-content\/uploads\/2025\/06\/Ines-Fotografia-1-2-scaled.jpg\" title=\"In\u00eas Fotografia-1\" srcset=\"https:\/\/flashandcanvas.com\/wp-content\/uploads\/2025\/06\/Ines-Fotografia-1-2-scaled.jpg 2560w, https:\/\/flashandcanvas.com\/wp-content\/uploads\/2025\/06\/Ines-Fotografia-1-2-300x200.jpg 300w, https:\/\/flashandcanvas.com\/wp-content\/uploads\/2025\/06\/Ines-Fotografia-1-2-1024x683.jpg 1024w, https:\/\/flashandcanvas.com\/wp-content\/uploads\/2025\/06\/Ines-Fotografia-1-2-768x512.jpg 768w, https:\/\/flashandcanvas.com\/wp-content\/uploads\/2025\/06\/Ines-Fotografia-1-2-1536x1024.jpg 1536w, https:\/\/flashandcanvas.com\/wp-content\/uploads\/2025\/06\/Ines-Fotografia-1-2-2048x1365.jpg 2048w\" sizes=\"auto, (max-width: 2560px) 100vw, 2560px\" \/>\n<\/div>\n<\/div>","protected":false},"excerpt":{"rendered":"<p>Ol\u00e1 Sou a In\u00eas Mota, fundadora da Flash &amp; Canvas. Nascida em setembro de 1997, sempre fui uma amante do mundo animal e trocava as bonecas por pequenos animais de brinquedo. Tamb\u00e9m muito cedo, descobri a minha paix\u00e3o pela arte. Em 2016, iniciei a minha jornada acad\u00eamica na Faculdade de Belas Artes da Universidade do [&hellip;]<\/p>","protected":false},"author":1,"featured_media":0,"parent":0,"menu_order":0,"comment_status":"closed","ping_status":"closed","template":"wp-custom-template-p-ginas-com-t-tulo","meta":{"_acf_changed":false,"footnotes":""},"class_list":["post-45","page","type-page","status-publish","hentry"],"acf":[],"_links":{"self":[{"href":"https:\/\/flashandcanvas.com\/en\/wp-json\/wp\/v2\/pages\/45","targetHints":{"allow":["GET"]}}],"collection":[{"href":"https:\/\/flashandcanvas.com\/en\/wp-json\/wp\/v2\/pages"}],"about":[{"href":"https:\/\/flashandcanvas.com\/en\/wp-json\/wp\/v2\/types\/page"}],"author":[{"embeddable":true,"href":"https:\/\/flashandcanvas.com\/en\/wp-json\/wp\/v2\/users\/1"}],"replies":[{"embeddable":true,"href":"https:\/\/flashandcanvas.com\/en\/wp-json\/wp\/v2\/comments?post=45"}],"version-history":[{"count":78,"href":"https:\/\/flashandcanvas.com\/en\/wp-json\/wp\/v2\/pages\/45\/revisions"}],"predecessor-version":[{"id":2488,"href":"https:\/\/flashandcanvas.com\/en\/wp-json\/wp\/v2\/pages\/45\/revisions\/2488"}],"wp:attachment":[{"href":"https:\/\/flashandcanvas.com\/en\/wp-json\/wp\/v2\/media?parent=45"}],"curies":[{"name":"wp","href":"https:\/\/api.w.org\/{rel}","templated":true}]}}