{"id":43,"date":"2024-11-06T20:26:01","date_gmt":"2024-11-06T20:26:01","guid":{"rendered":"https:\/\/flashandcanvas.com\/?page_id=43"},"modified":"2025-07-14T18:41:40","modified_gmt":"2025-07-14T18:41:40","slug":"retratos","status":"publish","type":"page","link":"https:\/\/flashandcanvas.com\/en\/retratos\/","title":{"rendered":"Canvas"},"content":{"rendered":"<p class=\"has-text-align-center\" style=\"margin-top:0;margin-right:0vw;margin-bottom:0;margin-left:0vw;padding-right:15vw;padding-left:15vw\">From the first sketch to the final detail, every artwork is carefully crafted to capture the essence and personality of the animal portrayed.<br>Using reference photos and honoring every feature that makes your pet unique, I create timeless, one-of-a-kind portraits. If you\u2019re looking for a custom piece that reflects the love and bond you share with your companion\u2014you\u2019re in the right place.<br>Book your portrait now and bring to life a piece of art that tells a story forever.<\/p>\n\n\n\n<div class=\"wp-block-columns is-layout-flex wp-container-core-columns-is-layout-cad298ab wp-block-columns-is-layout-flex\" style=\"padding-right:var(--wp--preset--spacing--60);padding-left:var(--wp--preset--spacing--60)\">\n<div class=\"wp-block-column is-layout-flow wp-block-column-is-layout-flow\"><\/div>\n\n\n\n<div class=\"wp-block-column is-layout-flow wp-block-column-is-layout-flow\">\n<div class=\"wp-block-buttons has-background is-content-justification-center is-layout-flex wp-container-core-buttons-is-layout-c5070627 wp-block-buttons-is-layout-flex\" style=\"border-radius:0px;background-color:#ffffff00;padding-top:0\">\n<div class=\"wp-block-button has-custom-width wp-block-button__width-100 is-style-outline is-style-outline--1\"><a class=\"wp-block-button__link has-custom-fff-9-f-3-color has-custom-1-b-2640-background-color has-text-color has-background has-link-color has-custom-font-size wp-element-button\" href=\"https:\/\/flashandcanvas.com\/en\/portefolio-canvas\/\" style=\"font-size:clamp(14px, 0.875rem + ((1vw - 3.2px) * 0.488), 18px);text-decoration:none\">PORTFOLIO<\/a><\/div>\n<\/div>\n<\/div>\n\n\n\n<div class=\"wp-block-column is-layout-flow wp-block-column-is-layout-flow\"><\/div>\n<\/div>\n\n\n\n<div class=\"gb-query-e64c81ab\"><div class=\"gb-looper-5b1c8142\">\n<div class=\"gb-loop-item post-1405 pricing type-pricing status-publish hentry\" id=\"test\">\n<div>\n<h2 class=\"gb-text gb-text-9e353ebb\">One Subject<\/h2>\n\n\n\n\n\n<div class=\"wp-block-buttons is-content-justification-center is-layout-flex wp-container-core-buttons-is-layout-c5070627 wp-block-buttons-is-layout-flex\" style=\"border-radius:0px;padding-top:0\">\n<div class=\"wp-block-button has-custom-width wp-block-button__width-50 is-style-outline modal-trigger is-style-outline--4\"><a class=\"wp-block-button__link has-custom-1-b-2640-color has-text-color has-background has-link-color has-custom-font-size wp-element-button\" style=\"background-color:#f0f0f5;font-size:14px\">See more<\/a><\/div>\n<\/div>\n\n\n\n<div class=\"gb-element-15382731 popup-hidden-content\">\n<div class=\"wp-block-columns is-layout-flex wp-container-core-columns-is-layout-28f84493 wp-block-columns-is-layout-flex\">\n<div class=\"wp-block-column is-layout-flow wp-block-column-is-layout-flow\" style=\"padding-top:var(--wp--preset--spacing--30);padding-bottom:var(--wp--preset--spacing--30)\">\n<h2 class=\"gb-text gb-text-78472b82\">One Subject<\/h2>\n\n\n\n\n\n\n\n\n<\/div>\n\n\n\n<div class=\"wp-block-column is-layout-flow wp-block-column-is-layout-flow\"><\/div>\n<\/div>\n<\/div>\n<\/div>\n<\/div>\n\n<div class=\"gb-loop-item post-1406 pricing type-pricing status-publish hentry\" id=\"test\">\n<div>\n<h2 class=\"gb-text gb-text-9e353ebb\">Two Subjects<\/h2>\n\n\n\n\n\n<div class=\"wp-block-buttons is-content-justification-center is-layout-flex wp-container-core-buttons-is-layout-c5070627 wp-block-buttons-is-layout-flex\" style=\"border-radius:0px;padding-top:0\">\n<div class=\"wp-block-button has-custom-width wp-block-button__width-50 is-style-outline modal-trigger is-style-outline--5\"><a class=\"wp-block-button__link has-custom-1-b-2640-color has-text-color has-background has-link-color has-custom-font-size wp-element-button\" style=\"background-color:#f0f0f5;font-size:14px\">See more<\/a><\/div>\n<\/div>\n\n\n\n<div class=\"gb-element-15382731 popup-hidden-content\">\n<div class=\"wp-block-columns is-layout-flex wp-container-core-columns-is-layout-28f84493 wp-block-columns-is-layout-flex\">\n<div class=\"wp-block-column is-layout-flow wp-block-column-is-layout-flow\" style=\"padding-top:var(--wp--preset--spacing--30);padding-bottom:var(--wp--preset--spacing--30)\">\n<h2 class=\"gb-text gb-text-78472b82\">Two Subjects<\/h2>\n\n\n\n\n\n\n\n\n<\/div>\n\n\n\n<div class=\"wp-block-column is-layout-flow wp-block-column-is-layout-flow\"><\/div>\n<\/div>\n<\/div>\n<\/div>\n<\/div>\n\n<div class=\"gb-loop-item post-1407 pricing type-pricing status-publish hentry\" id=\"test\">\n<div>\n<h2 class=\"gb-text gb-text-9e353ebb\">Three Subjects<\/h2>\n\n\n\n\n\n<div class=\"wp-block-buttons is-content-justification-center is-layout-flex wp-container-core-buttons-is-layout-c5070627 wp-block-buttons-is-layout-flex\" style=\"border-radius:0px;padding-top:0\">\n<div class=\"wp-block-button has-custom-width wp-block-button__width-50 is-style-outline modal-trigger is-style-outline--6\"><a class=\"wp-block-button__link has-custom-1-b-2640-color has-text-color has-background has-link-color has-custom-font-size wp-element-button\" style=\"background-color:#f0f0f5;font-size:14px\">See more<\/a><\/div>\n<\/div>\n\n\n\n<div class=\"gb-element-15382731 popup-hidden-content\">\n<div class=\"wp-block-columns is-layout-flex wp-container-core-columns-is-layout-28f84493 wp-block-columns-is-layout-flex\">\n<div class=\"wp-block-column is-layout-flow wp-block-column-is-layout-flow\" style=\"padding-top:var(--wp--preset--spacing--30);padding-bottom:var(--wp--preset--spacing--30)\">\n<h2 class=\"gb-text gb-text-78472b82\">Three Subjects<\/h2>\n\n\n\n\n\n\n\n\n<\/div>\n\n\n\n<div class=\"wp-block-column is-layout-flow wp-block-column-is-layout-flow\"><\/div>\n<\/div>\n<\/div>\n<\/div>\n<\/div>\n\n<div class=\"gb-loop-item post-1408 pricing type-pricing status-publish hentry\" id=\"test\">\n<div>\n<h2 class=\"gb-text gb-text-9e353ebb\">Four Subjects<\/h2>\n\n\n\n\n\n<div class=\"wp-block-buttons is-content-justification-center is-layout-flex wp-container-core-buttons-is-layout-c5070627 wp-block-buttons-is-layout-flex\" style=\"border-radius:0px;padding-top:0\">\n<div class=\"wp-block-button has-custom-width wp-block-button__width-50 is-style-outline modal-trigger is-style-outline--7\"><a class=\"wp-block-button__link has-custom-1-b-2640-color has-text-color has-background has-link-color has-custom-font-size wp-element-button\" style=\"background-color:#f0f0f5;font-size:14px\">See more<\/a><\/div>\n<\/div>\n\n\n\n<div class=\"gb-element-15382731 popup-hidden-content\">\n<div class=\"wp-block-columns is-layout-flex wp-container-core-columns-is-layout-28f84493 wp-block-columns-is-layout-flex\">\n<div class=\"wp-block-column is-layout-flow wp-block-column-is-layout-flow\" style=\"padding-top:var(--wp--preset--spacing--30);padding-bottom:var(--wp--preset--spacing--30)\">\n<h2 class=\"gb-text gb-text-78472b82\">Four Subjects<\/h2>\n\n\n\n\n\n\n\n\n<\/div>\n\n\n\n<div class=\"wp-block-column is-layout-flow wp-block-column-is-layout-flow\"><\/div>\n<\/div>\n<\/div>\n<\/div>\n<\/div>\n<\/div><\/div>\n\n\n\n<div class=\"wp-block-cover\" style=\"margin-top:5vh;margin-bottom:0;padding-top:0;padding-bottom:0;min-height:20vh;aspect-ratio:unset;\"><img loading=\"lazy\" decoding=\"async\" width=\"1024\" height=\"576\" class=\"wp-block-cover__image-background wp-image-1010 size-large\" alt=\"\" src=\"https:\/\/flashandcanvas.com\/wp-content\/uploads\/2025\/06\/DSC4831-Editar-1024x576.jpg\" style=\"object-position:70% 52%\" data-object-fit=\"cover\" data-object-position=\"70% 52%\" srcset=\"https:\/\/flashandcanvas.com\/wp-content\/uploads\/2025\/06\/DSC4831-Editar-1024x576.jpg 1024w, https:\/\/flashandcanvas.com\/wp-content\/uploads\/2025\/06\/DSC4831-Editar-300x169.jpg 300w, https:\/\/flashandcanvas.com\/wp-content\/uploads\/2025\/06\/DSC4831-Editar-768x432.jpg 768w, https:\/\/flashandcanvas.com\/wp-content\/uploads\/2025\/06\/DSC4831-Editar-1536x864.jpg 1536w, https:\/\/flashandcanvas.com\/wp-content\/uploads\/2025\/06\/DSC4831-Editar-2048x1152.jpg 2048w\" sizes=\"auto, (max-width: 1024px) 100vw, 1024px\" \/><span aria-hidden=\"true\" class=\"wp-block-cover__background has-background-dim-40 has-background-dim\"><\/span><div class=\"wp-block-cover__inner-container has-global-padding is-layout-constrained wp-block-cover-is-layout-constrained\">\n<p class=\"gb-text gb-text-93d06653\">Want to book a portrait? Check my <strong><a href=\"https:\/\/flashandcanvas.com\/en\/guidelines\/\" data-type=\"page\" data-id=\"502\">Guidelines<\/a><\/strong><\/p>\n<\/div><\/div>","protected":false},"excerpt":{"rendered":"<p>Desde o primeiro esbo\u00e7o at\u00e9 ao \u00faltimo detalhe, cada obra \u00e9 cuidadosamente trabalhada para capturar a ess\u00eancia e personalidade do animal retratado.Com base em fotografias de refer\u00eancia e respeitando cada detalhe que torna o teu animal especial, crio retratos \u00fanicos e intemporais. Se procuras uma pe\u00e7a de arte personalizada que reflita o amor e a [&hellip;]<\/p>","protected":false},"author":1,"featured_media":0,"parent":0,"menu_order":0,"comment_status":"closed","ping_status":"closed","template":"wp-custom-template-p-gina-canvas","meta":{"_acf_changed":false,"footnotes":""},"class_list":["post-43","page","type-page","status-publish","hentry"],"acf":[],"_links":{"self":[{"href":"https:\/\/flashandcanvas.com\/en\/wp-json\/wp\/v2\/pages\/43","targetHints":{"allow":["GET"]}}],"collection":[{"href":"https:\/\/flashandcanvas.com\/en\/wp-json\/wp\/v2\/pages"}],"about":[{"href":"https:\/\/flashandcanvas.com\/en\/wp-json\/wp\/v2\/types\/page"}],"author":[{"embeddable":true,"href":"https:\/\/flashandcanvas.com\/en\/wp-json\/wp\/v2\/users\/1"}],"replies":[{"embeddable":true,"href":"https:\/\/flashandcanvas.com\/en\/wp-json\/wp\/v2\/comments?post=43"}],"version-history":[{"count":92,"href":"https:\/\/flashandcanvas.com\/en\/wp-json\/wp\/v2\/pages\/43\/revisions"}],"predecessor-version":[{"id":2501,"href":"https:\/\/flashandcanvas.com\/en\/wp-json\/wp\/v2\/pages\/43\/revisions\/2501"}],"wp:attachment":[{"href":"https:\/\/flashandcanvas.com\/en\/wp-json\/wp\/v2\/media?parent=43"}],"curies":[{"name":"wp","href":"https:\/\/api.w.org\/{rel}","templated":true}]}}