{"id":41,"date":"2024-11-06T20:25:32","date_gmt":"2024-11-06T20:25:32","guid":{"rendered":"https:\/\/flashandcanvas.com\/?page_id=41"},"modified":"2025-07-14T18:43:03","modified_gmt":"2025-07-14T18:43:03","slug":"fotografia","status":"publish","type":"page","link":"https:\/\/flashandcanvas.com\/en\/fotografia\/","title":{"rendered":"Flash"},"content":{"rendered":"<p class=\"has-text-align-center\" style=\"margin-top:0;margin-right:0vw;margin-bottom:0;margin-left:0vw;padding-right:15vw;padding-left:15vw\">Whether in private sessions, at the show ring, or spontaneous moments, my goal is to deliver images that tell stories and preserve memories. Photography has the power to turn fleeting moments into art\u2014and that\u2019s what I seek with every click.<br>Explore the different services available and book your session to capture the very best of your companion!<\/p>\n\n\n\n<div class=\"wp-block-columns is-layout-flex wp-container-core-columns-is-layout-cad298ab wp-block-columns-is-layout-flex\" style=\"padding-right:var(--wp--preset--spacing--60);padding-left:var(--wp--preset--spacing--60)\">\n<div class=\"wp-block-column is-layout-flow wp-block-column-is-layout-flow\"><\/div>\n\n\n\n<div class=\"wp-block-column is-layout-flow wp-block-column-is-layout-flow\">\n<div class=\"wp-block-buttons is-content-justification-center is-layout-flex wp-container-core-buttons-is-layout-c5070627 wp-block-buttons-is-layout-flex\" style=\"border-radius:0px;padding-top:0\">\n<div class=\"wp-block-button has-custom-width wp-block-button__width-100 is-style-outline is-style-outline--1\"><a class=\"wp-block-button__link has-custom-fff-9-f-3-color has-custom-1-b-2640-background-color has-text-color has-background has-link-color has-custom-font-size wp-element-button\" href=\"https:\/\/flashandcanvas.com\/en\/portefolio-flash-capa\/\" style=\"font-size:clamp(14px, 0.875rem + ((1vw - 3.2px) * 0.488), 18px);\">PORTFOLIO<\/a><\/div>\n<\/div>\n<\/div>\n\n\n\n<div class=\"wp-block-column is-layout-flow wp-block-column-is-layout-flow\"><\/div>\n<\/div>\n\n\n\n<div class=\"gb-query-e64c81ab\"><div class=\"gb-looper-5b1c8142\">\n<div class=\"gb-loop-item post-2538 pricing type-pricing status-publish hentry\">\n<div>\n<h2 class=\"gb-text gb-text-9e353ebb\">Crufts 2026 \ud83c\uddec\ud83c\udde7<\/h2>\n\n\n\n\n\n<div class=\"wp-block-buttons is-content-justification-center is-layout-flex wp-container-core-buttons-is-layout-c5070627 wp-block-buttons-is-layout-flex\" style=\"border-radius:0px;padding-top:0\">\n<div class=\"wp-block-button has-custom-width wp-block-button__width-50 is-style-outline modal-trigger is-style-outline--4\"><a class=\"wp-block-button__link has-custom-1-b-2640-color has-custom-f-1-f-1-f-6-background-color has-text-color has-background has-link-color has-border-color has-custom-f-1-f-1-f-6-border-color has-custom-font-size wp-element-button\" style=\"border-width:1px;font-size:14px\">See more<\/a><\/div>\n<\/div>\n\n\n\n<div class=\"gb-element-e0c4012d popup-hidden-content\">\n<div class=\"wp-block-columns is-layout-flex wp-container-core-columns-is-layout-ef350914 wp-block-columns-is-layout-flex\" style=\"padding-top:var(--wp--preset--spacing--30);padding-bottom:var(--wp--preset--spacing--30)\">\n<div class=\"wp-block-column has-small-font-size is-layout-flow wp-block-column-is-layout-flow\">\n<h2 class=\"gb-text gb-text-ec86e34c\">Crufts 2026 \ud83c\uddec\ud83c\udde7<\/h2>\n\n\n\n\n\n\n\n\n\n\n\n\n\n\n\n\n\n\n<\/div>\n\n\n\n<div class=\"wp-block-column has-medium-font-size is-layout-flow wp-container-core-column-is-layout-ba6f69a4 wp-block-column-is-layout-flow\" style=\"padding-top:0;padding-right:0;padding-bottom:0;padding-left:0\">\n\n\n\n\n\n<\/div>\n<\/div>\n<\/div>\n<\/div>\n<\/div>\n\n<div class=\"gb-loop-item post-1625 pricing type-pricing status-publish hentry\">\n<div>\n<h2 class=\"gb-text gb-text-9e353ebb\">Legends of the Ring<\/h2>\n\n\n\n\n\n<div class=\"wp-block-buttons is-content-justification-center is-layout-flex wp-container-core-buttons-is-layout-c5070627 wp-block-buttons-is-layout-flex\" style=\"border-radius:0px;padding-top:0\">\n<div class=\"wp-block-button has-custom-width wp-block-button__width-50 is-style-outline modal-trigger is-style-outline--5\"><a class=\"wp-block-button__link has-custom-1-b-2640-color has-custom-f-1-f-1-f-6-background-color has-text-color has-background has-link-color has-border-color has-custom-f-1-f-1-f-6-border-color has-custom-font-size wp-element-button\" style=\"border-width:1px;font-size:14px\">See more<\/a><\/div>\n<\/div>\n\n\n\n<div class=\"gb-element-e0c4012d popup-hidden-content\">\n<div class=\"wp-block-columns is-layout-flex wp-container-core-columns-is-layout-ef350914 wp-block-columns-is-layout-flex\" style=\"padding-top:var(--wp--preset--spacing--30);padding-bottom:var(--wp--preset--spacing--30)\">\n<div class=\"wp-block-column has-small-font-size is-layout-flow wp-block-column-is-layout-flow\">\n<h2 class=\"gb-text gb-text-ec86e34c\">Legends of the Ring<\/h2>\n\n\n\n\n\n\n\n\n\n\n\n\n\n\n\n\n\n\n<\/div>\n\n\n\n<div class=\"wp-block-column has-medium-font-size is-layout-flow wp-container-core-column-is-layout-ba6f69a4 wp-block-column-is-layout-flow\" style=\"padding-top:0;padding-right:0;padding-bottom:0;padding-left:0\">\n\n\n\n\n\n<\/div>\n<\/div>\n<\/div>\n<\/div>\n<\/div>\n\n<div class=\"gb-loop-item post-1152 pricing type-pricing status-publish hentry\">\n<div>\n<h2 class=\"gb-text gb-text-9e353ebb\">Litter<\/h2>\n\n\n\n\n\n<div class=\"wp-block-buttons is-content-justification-center is-layout-flex wp-container-core-buttons-is-layout-c5070627 wp-block-buttons-is-layout-flex\" style=\"border-radius:0px;padding-top:0\">\n<div class=\"wp-block-button has-custom-width wp-block-button__width-50 is-style-outline modal-trigger is-style-outline--6\"><a class=\"wp-block-button__link has-custom-1-b-2640-color has-custom-f-1-f-1-f-6-background-color has-text-color has-background has-link-color has-border-color has-custom-f-1-f-1-f-6-border-color has-custom-font-size wp-element-button\" style=\"border-width:1px;font-size:14px\">See more<\/a><\/div>\n<\/div>\n\n\n\n<div class=\"gb-element-e0c4012d popup-hidden-content\">\n<div class=\"wp-block-columns is-layout-flex wp-container-core-columns-is-layout-ef350914 wp-block-columns-is-layout-flex\" style=\"padding-top:var(--wp--preset--spacing--30);padding-bottom:var(--wp--preset--spacing--30)\">\n<div class=\"wp-block-column has-small-font-size is-layout-flow wp-block-column-is-layout-flow\">\n<h2 class=\"gb-text gb-text-ec86e34c\">Litter<\/h2>\n\n\n\n\n\n\n\n\n\n\n\n\n\n\n\n\n\n\n<\/div>\n\n\n\n<div class=\"wp-block-column has-medium-font-size is-layout-flow wp-container-core-column-is-layout-ba6f69a4 wp-block-column-is-layout-flow\" style=\"padding-top:0;padding-right:0;padding-bottom:0;padding-left:0\">\n\n\n\n\n\n<\/div>\n<\/div>\n<\/div>\n<\/div>\n<\/div>\n\n<div class=\"gb-loop-item post-1368 pricing type-pricing status-publish hentry\">\n<div>\n<h2 class=\"gb-text gb-text-9e353ebb\">Fury Tales<\/h2>\n\n\n\n\n\n<div class=\"wp-block-buttons is-content-justification-center is-layout-flex wp-container-core-buttons-is-layout-c5070627 wp-block-buttons-is-layout-flex\" style=\"border-radius:0px;padding-top:0\">\n<div class=\"wp-block-button has-custom-width wp-block-button__width-50 is-style-outline modal-trigger is-style-outline--7\"><a class=\"wp-block-button__link has-custom-1-b-2640-color has-custom-f-1-f-1-f-6-background-color has-text-color has-background has-link-color has-border-color has-custom-f-1-f-1-f-6-border-color has-custom-font-size wp-element-button\" style=\"border-width:1px;font-size:14px\">See more<\/a><\/div>\n<\/div>\n\n\n\n<div class=\"gb-element-e0c4012d popup-hidden-content\">\n<div class=\"wp-block-columns is-layout-flex wp-container-core-columns-is-layout-ef350914 wp-block-columns-is-layout-flex\" style=\"padding-top:var(--wp--preset--spacing--30);padding-bottom:var(--wp--preset--spacing--30)\">\n<div class=\"wp-block-column has-small-font-size is-layout-flow wp-block-column-is-layout-flow\">\n<h2 class=\"gb-text gb-text-ec86e34c\">Fury Tales<\/h2>\n\n\n\n\n\n\n\n\n\n\n\n\n\n\n\n\n\n\n<\/div>\n\n\n\n<div class=\"wp-block-column has-medium-font-size is-layout-flow wp-container-core-column-is-layout-ba6f69a4 wp-block-column-is-layout-flow\" style=\"padding-top:0;padding-right:0;padding-bottom:0;padding-left:0\">\n\n\n\n\n\n<\/div>\n<\/div>\n<\/div>\n<\/div>\n<\/div>\n<\/div><\/div>\n\n\n\n<div class=\"wp-block-cover wp-duotone-unset-8\" style=\"margin-top:5vh;margin-bottom:0;padding-top:0;padding-bottom:0;min-height:20vh;aspect-ratio:unset;\"><img loading=\"lazy\" decoding=\"async\" width=\"2560\" height=\"1440\" class=\"wp-block-cover__image-background wp-image-1010 size-full\" alt=\"\" src=\"https:\/\/flashandcanvas.com\/wp-content\/uploads\/2025\/06\/DSC4831-Editar-scaled.jpg\" style=\"object-position:70% 52%\" data-object-fit=\"cover\" data-object-position=\"70% 52%\" srcset=\"https:\/\/flashandcanvas.com\/wp-content\/uploads\/2025\/06\/DSC4831-Editar-scaled.jpg 2560w, https:\/\/flashandcanvas.com\/wp-content\/uploads\/2025\/06\/DSC4831-Editar-300x169.jpg 300w, https:\/\/flashandcanvas.com\/wp-content\/uploads\/2025\/06\/DSC4831-Editar-1024x576.jpg 1024w, https:\/\/flashandcanvas.com\/wp-content\/uploads\/2025\/06\/DSC4831-Editar-768x432.jpg 768w, https:\/\/flashandcanvas.com\/wp-content\/uploads\/2025\/06\/DSC4831-Editar-1536x864.jpg 1536w, https:\/\/flashandcanvas.com\/wp-content\/uploads\/2025\/06\/DSC4831-Editar-2048x1152.jpg 2048w\" sizes=\"auto, (max-width: 2560px) 100vw, 2560px\" \/><span aria-hidden=\"true\" class=\"wp-block-cover__background has-background-dim-40 has-background-dim\"><\/span><div class=\"wp-block-cover__inner-container has-global-padding is-layout-constrained wp-block-cover-is-layout-constrained\">\n<p class=\"gb-text gb-text-93d06653\">Want to schedule a <strong>photography session<\/strong>? Check my<strong> <a href=\"https:\/\/flashandcanvas.com\/en\/guidelines\/\" data-type=\"page\" data-id=\"502\">Guidelines<\/a><\/strong><\/p>\n<\/div><\/div>","protected":false},"excerpt":{"rendered":"<p>Seja em sess\u00f5es privadas, no ringue de exposi\u00e7\u00f5es ou em momentos espont\u00e2neos, o meu objetivo \u00e9 oferecer imagens que contem hist\u00f3rias e eternizem mem\u00f3rias. A fotografia tem o poder de transformar instantes em arte, e \u00e9 isso que procuro em cada clique.Descobre os diferentes servi\u00e7os dispon\u00edveis e reserva a tua sess\u00e3o para captar o melhor [&hellip;]<\/p>","protected":false},"author":1,"featured_media":0,"parent":0,"menu_order":0,"comment_status":"closed","ping_status":"closed","template":"wp-custom-template-p-ginas-flash-e-canvas","meta":{"_acf_changed":false,"footnotes":""},"class_list":["post-41","page","type-page","status-publish","hentry"],"acf":[],"_links":{"self":[{"href":"https:\/\/flashandcanvas.com\/en\/wp-json\/wp\/v2\/pages\/41","targetHints":{"allow":["GET"]}}],"collection":[{"href":"https:\/\/flashandcanvas.com\/en\/wp-json\/wp\/v2\/pages"}],"about":[{"href":"https:\/\/flashandcanvas.com\/en\/wp-json\/wp\/v2\/types\/page"}],"author":[{"embeddable":true,"href":"https:\/\/flashandcanvas.com\/en\/wp-json\/wp\/v2\/users\/1"}],"replies":[{"embeddable":true,"href":"https:\/\/flashandcanvas.com\/en\/wp-json\/wp\/v2\/comments?post=41"}],"version-history":[{"count":232,"href":"https:\/\/flashandcanvas.com\/en\/wp-json\/wp\/v2\/pages\/41\/revisions"}],"predecessor-version":[{"id":2504,"href":"https:\/\/flashandcanvas.com\/en\/wp-json\/wp\/v2\/pages\/41\/revisions\/2504"}],"wp:attachment":[{"href":"https:\/\/flashandcanvas.com\/en\/wp-json\/wp\/v2\/media?parent=41"}],"curies":[{"name":"wp","href":"https:\/\/api.w.org\/{rel}","templated":true}]}}